{"id":1544,"date":"2024-07-03T16:41:22","date_gmt":"2024-07-03T16:41:22","guid":{"rendered":"https:\/\/isisbeachwear.com\/?post_type=product&#038;p=1544"},"modified":"2025-01-27T09:14:45","modified_gmt":"2025-01-27T09:14:45","slug":"tanga-de-vogue-argolla","status":"publish","type":"product","link":"https:\/\/isisbeachwear.com\/?product=tanga-de-vogue-argolla","title":{"rendered":"Tanga de Vogue Argolla"},"content":{"rendered":"","protected":false},"excerpt":{"rendered":"<p>Tanga lisa o estampada. El modelo tiene estilo retro con cintura alta y laterales frunsidas, detalles de cinturon con accesorio en metal. Los accesorios son de metal inoxidable y ba\u00f1ados en de oro 24 kilates. Esta prenda contiene tecnolog\u00eda LYCRA\u00ae XTRA LIFE\u2122 + SolarMax\u2122, que proporciona resistencia al cloro, cremas, lociones, aceites y protectores solares, conservando tu prenda durante m\u00e1s tiempo y aumentando su durabilidad. Esta tecnolog\u00eda tambi\u00e9n ofrece protecci\u00f3n contra los rayos UVA y UVB y SPF 50+.<\/p>\n<p><strong>Colores:<\/strong> 15<\/p>\n","protected":false},"featured_media":1664,"comment_status":"open","ping_status":"closed","template":"","meta":[],"product_cat":[134,140],"product_tag":[],"class_list":{"0":"post-1544","1":"product","2":"type-product","3":"status-publish","4":"has-post-thumbnail","6":"product_cat-tangas","7":"product_cat-vogue-argolla","9":"first","10":"instock","11":"shipping-taxable","12":"purchasable","13":"product-type-variable"},"_links":{"self":[{"href":"https:\/\/isisbeachwear.com\/index.php?rest_route=\/wp\/v2\/product\/1544","targetHints":{"allow":["GET"]}}],"collection":[{"href":"https:\/\/isisbeachwear.com\/index.php?rest_route=\/wp\/v2\/product"}],"about":[{"href":"https:\/\/isisbeachwear.com\/index.php?rest_route=\/wp\/v2\/types\/product"}],"replies":[{"embeddable":true,"href":"https:\/\/isisbeachwear.com\/index.php?rest_route=%2Fwp%2Fv2%2Fcomments&post=1544"}],"version-history":[{"count":2,"href":"https:\/\/isisbeachwear.com\/index.php?rest_route=\/wp\/v2\/product\/1544\/revisions"}],"predecessor-version":[{"id":1577,"href":"https:\/\/isisbeachwear.com\/index.php?rest_route=\/wp\/v2\/product\/1544\/revisions\/1577"}],"wp:featuredmedia":[{"embeddable":true,"href":"https:\/\/isisbeachwear.com\/index.php?rest_route=\/wp\/v2\/media\/1664"}],"wp:attachment":[{"href":"https:\/\/isisbeachwear.com\/index.php?rest_route=%2Fwp%2Fv2%2Fmedia&parent=1544"}],"wp:term":[{"taxonomy":"product_cat","embeddable":true,"href":"https:\/\/isisbeachwear.com\/index.php?rest_route=%2Fwp%2Fv2%2Fproduct_cat&post=1544"},{"taxonomy":"product_tag","embeddable":true,"href":"https:\/\/isisbeachwear.com\/index.php?rest_route=%2Fwp%2Fv2%2Fproduct_tag&post=1544"}],"curies":[{"name":"wp","href":"https:\/\/api.w.org\/{rel}","templated":true}]}}