{"id":1538,"date":"2024-07-03T16:38:59","date_gmt":"2024-07-03T16:38:59","guid":{"rendered":"https:\/\/isisbeachwear.com\/?post_type=product&#038;p=1538"},"modified":"2024-07-04T08:17:59","modified_gmt":"2024-07-04T08:17:59","slug":"tanga-vogue","status":"publish","type":"product","link":"https:\/\/isisbeachwear.com\/?product=tanga-vogue","title":{"rendered":"Tanga Vogue"},"content":{"rendered":"","protected":false},"excerpt":{"rendered":"<p>Tanga lisa o estampada. El modelo tiene estilo retro con cintura alta y la parte trasera lisa. Esta prenda contiene tecnolog\u00eda LYCRA\u00ae XTRA LIFE\u2122 + SolarMax\u2122, que proporciona resistencia al cloro, cremas, lociones, aceites y protectores solares, conservando tu prenda durante m\u00e1s tiempo y aumentando su durabilidad. Esta tecnolog\u00eda tambi\u00e9n ofrece protecci\u00f3n contra los rayos UVA y UVB y SPF 50+.<\/p>\n<p><strong>Colores<\/strong>: 15<\/p>\n","protected":false},"featured_media":0,"comment_status":"open","ping_status":"closed","template":"","meta":[],"product_cat":[134,139],"product_tag":[],"class_list":{"0":"post-1538","1":"product","2":"type-product","3":"status-publish","5":"product_cat-tangas","6":"product_cat-vogue","8":"first","9":"instock","10":"shipping-taxable","11":"purchasable","12":"product-type-variable"},"_links":{"self":[{"href":"https:\/\/isisbeachwear.com\/index.php?rest_route=\/wp\/v2\/product\/1538","targetHints":{"allow":["GET"]}}],"collection":[{"href":"https:\/\/isisbeachwear.com\/index.php?rest_route=\/wp\/v2\/product"}],"about":[{"href":"https:\/\/isisbeachwear.com\/index.php?rest_route=\/wp\/v2\/types\/product"}],"replies":[{"embeddable":true,"href":"https:\/\/isisbeachwear.com\/index.php?rest_route=%2Fwp%2Fv2%2Fcomments&post=1538"}],"version-history":[{"count":2,"href":"https:\/\/isisbeachwear.com\/index.php?rest_route=\/wp\/v2\/product\/1538\/revisions"}],"predecessor-version":[{"id":1576,"href":"https:\/\/isisbeachwear.com\/index.php?rest_route=\/wp\/v2\/product\/1538\/revisions\/1576"}],"wp:attachment":[{"href":"https:\/\/isisbeachwear.com\/index.php?rest_route=%2Fwp%2Fv2%2Fmedia&parent=1538"}],"wp:term":[{"taxonomy":"product_cat","embeddable":true,"href":"https:\/\/isisbeachwear.com\/index.php?rest_route=%2Fwp%2Fv2%2Fproduct_cat&post=1538"},{"taxonomy":"product_tag","embeddable":true,"href":"https:\/\/isisbeachwear.com\/index.php?rest_route=%2Fwp%2Fv2%2Fproduct_tag&post=1538"}],"curies":[{"name":"wp","href":"https:\/\/api.w.org\/{rel}","templated":true}]}}