{"id":1522,"date":"2024-07-03T15:22:18","date_gmt":"2024-07-03T15:22:18","guid":{"rendered":"https:\/\/isisbeachwear.com\/?post_type=product&#038;p=1522"},"modified":"2024-07-04T08:16:56","modified_gmt":"2024-07-04T08:16:56","slug":"bikini-strapless","status":"publish","type":"product","link":"https:\/\/isisbeachwear.com\/?product=bikini-strapless","title":{"rendered":"Bikini Strapless"},"content":{"rendered":"","protected":false},"excerpt":{"rendered":"<p>Top bandeou liso estampados. El modelo tiene abombamiento y detalle \u00e9ntresenos y tirantes ajustables. Todos los accesorios son de metal inoxidable ba\u00f1ados en oro 24 kilates. Esta prenda contiene tecnolog\u00eda LYCRA\u00ae XTRA LIFE\u2122 + SolarMax\u2122, que proporciona resistencia al cloro, cremas, lociones, aceites y protectores solares, conservando tu prenda durante m\u00e1s tiempo y aumentando su durabilidad. Esta tecnolog\u00eda tambi\u00e9n ofrece protecci\u00f3n contra los rayos UVA y UVB y SPF 50+.<\/p>\n<p><strong>Colores:<\/strong> 11<\/p>\n","protected":false},"featured_media":0,"comment_status":"open","ping_status":"closed","template":"","meta":[],"product_cat":[130,133],"product_tag":[],"class_list":{"0":"post-1522","1":"product","2":"type-product","3":"status-publish","5":"product_cat-bikinis","6":"product_cat-strapelss","8":"first","9":"instock","10":"shipping-taxable","11":"purchasable","12":"product-type-variable"},"_links":{"self":[{"href":"https:\/\/isisbeachwear.com\/index.php?rest_route=\/wp\/v2\/product\/1522","targetHints":{"allow":["GET"]}}],"collection":[{"href":"https:\/\/isisbeachwear.com\/index.php?rest_route=\/wp\/v2\/product"}],"about":[{"href":"https:\/\/isisbeachwear.com\/index.php?rest_route=\/wp\/v2\/types\/product"}],"replies":[{"embeddable":true,"href":"https:\/\/isisbeachwear.com\/index.php?rest_route=%2Fwp%2Fv2%2Fcomments&post=1522"}],"version-history":[{"count":2,"href":"https:\/\/isisbeachwear.com\/index.php?rest_route=\/wp\/v2\/product\/1522\/revisions"}],"predecessor-version":[{"id":1573,"href":"https:\/\/isisbeachwear.com\/index.php?rest_route=\/wp\/v2\/product\/1522\/revisions\/1573"}],"wp:attachment":[{"href":"https:\/\/isisbeachwear.com\/index.php?rest_route=%2Fwp%2Fv2%2Fmedia&parent=1522"}],"wp:term":[{"taxonomy":"product_cat","embeddable":true,"href":"https:\/\/isisbeachwear.com\/index.php?rest_route=%2Fwp%2Fv2%2Fproduct_cat&post=1522"},{"taxonomy":"product_tag","embeddable":true,"href":"https:\/\/isisbeachwear.com\/index.php?rest_route=%2Fwp%2Fv2%2Fproduct_tag&post=1522"}],"curies":[{"name":"wp","href":"https:\/\/api.w.org\/{rel}","templated":true}]}}